{"id":40,"date":"2026-04-15T17:47:54","date_gmt":"2026-04-15T17:47:54","guid":{"rendered":"https:\/\/elegant-albattani.37-187-145-177.plesk.page\/staging\/a-propos\/"},"modified":"2026-04-30T11:18:42","modified_gmt":"2026-04-30T11:18:42","slug":"a-propos","status":"publish","type":"page","link":"https:\/\/blog.pahoa-burger.fr\/a-propos\/","title":{"rendered":"\u00c0 propos"},"content":{"rendered":"\n<div class=\"wp-block-group\" style=\"padding-top:80px;padding-bottom:80px\"><div class=\"wp-block-group__inner-container is-layout-constrained wp-container-core-group-is-layout-132272f7 wp-block-group-is-layout-constrained\">\n\n<h1 class=\"wp-block-heading\" style=\"font-size:clamp(36px,5vw,64px)\">Pahoa Mag : Insuffler l&rsquo;Aloha dans le quotidien.<\/h1>\n\n\n<div class=\"wp-block-columns is-layout-flex wp-container-core-columns-is-layout-327a385a wp-block-columns-is-layout-flex\">\n\n<div class=\"wp-block-column is-layout-flow wp-block-column-is-layout-flow\" style=\"flex-basis:60%\">\n\n<p style=\"font-size:18px\">PahoaMag n&rsquo;est pas seulement un magazine lifestyle ; c&rsquo;est un projet de vie n\u00e9 d&rsquo;une fascination pour les cultures insulaires et leur sagesse mill\u00e9naire. Le mot <strong>\u00ab Pahoa \u00bb<\/strong>, d&rsquo;origine hawa\u00efenne, \u00e9voque l&rsquo;instrument qui trace un chemin, qui sculpte sa propre voie.<\/p>\n\n\n<p>Dans un monde obs\u00e9d\u00e9 par la productivit\u00e9 et la vitesse, nous avons choisi de c\u00e9l\u00e9brer la lenteur. Inspir\u00e9s par l&rsquo;esprit <strong>\u00ab Aloha \u00bb<\/strong> \u2014 qui signifie litt\u00e9ralement \u00ab la pr\u00e9sence du souffle \u00bb \u2014 nous explorons les intersections entre le bien-\u00eatre holistique, le design organique et l&rsquo;aventure responsable.<\/p>\n\n\n<blockquote class=\"wp-block-quote has-text-color is-layout-flow wp-block-quote-is-layout-flow\" style=\"border-left:3px solid #C97A57;padding-left:28px;color:#C97A57\"><p>Vivre avec Aloha, c&rsquo;est choisir la bienveillance, la gratitude et la pr\u00e9sence \u00e0 chaque instant.<\/p><\/blockquote>\n\n<\/div>\n\n\n<div class=\"wp-block-column is-layout-flow wp-block-column-is-layout-flow\" style=\"flex-basis:40%\">\n\n<div class=\"wp-block-group has-background\" style=\"background-color:#1F3A2E;padding:40px\"><div class=\"wp-block-group__inner-container is-layout-constrained wp-block-group-is-layout-constrained\">\n\n<h4 class=\"wp-block-heading has-text-color\" style=\"color:#E8DDC8;font-size:14px;font-weight:600;letter-spacing:0.1em;text-transform:uppercase\">L&rsquo;engagement Pahoa<\/h4>\n\n\n<ul class=\"has-text-color wp-block-list\" style=\"color:rgba(232,221,200,0.8)\"><li>Authenticit\u00e9 radicale \u2014 pas de retouches, pas de faux r\u00e9cits.<\/li><li>\u00c9co-responsabilit\u00e9 \u2014 marques et lieux engag\u00e9s uniquement.<\/li><li>Esprit communautaire \u2014 cr\u00e9ateurs locaux mis en lumi\u00e8re.<\/li><\/ul>\n\n<\/div><\/div>\n\n<\/div>\n\n<\/div>\n\n<\/div><\/div>\n","protected":false},"excerpt":{"rendered":"<p>Pahoa Mag : Insuffler l&rsquo;Aloha dans le quotidien. PahoaMag n&rsquo;est pas seulement un magazine lifestyle ; c&rsquo;est un projet de vie n\u00e9 d&rsquo;une fascination pour les cultures insulaires et leur sagesse mill\u00e9naire. Le mot \u00ab Pahoa \u00bb, d&rsquo;origine hawa\u00efenne, \u00e9voque l&rsquo;instrument qui trace un chemin, qui sculpte sa propre voie. Dans un monde obs\u00e9d\u00e9 par &#8230; <a title=\"\u00c0 propos\" class=\"read-more\" href=\"https:\/\/blog.pahoa-burger.fr\/a-propos\/\" aria-label=\"En savoir plus sur \u00c0 propos\">Lire la suite<\/a><\/p>\n","protected":false},"author":0,"featured_media":0,"parent":0,"menu_order":0,"comment_status":"closed","ping_status":"closed","template":"","meta":{"footnotes":""},"class_list":["post-40","page","type-page","status-publish"],"_links":{"self":[{"href":"https:\/\/blog.pahoa-burger.fr\/wp-json\/wp\/v2\/pages\/40","targetHints":{"allow":["GET"]}}],"collection":[{"href":"https:\/\/blog.pahoa-burger.fr\/wp-json\/wp\/v2\/pages"}],"about":[{"href":"https:\/\/blog.pahoa-burger.fr\/wp-json\/wp\/v2\/types\/page"}],"replies":[{"embeddable":true,"href":"https:\/\/blog.pahoa-burger.fr\/wp-json\/wp\/v2\/comments?post=40"}],"version-history":[{"count":1,"href":"https:\/\/blog.pahoa-burger.fr\/wp-json\/wp\/v2\/pages\/40\/revisions"}],"predecessor-version":[{"id":72,"href":"https:\/\/blog.pahoa-burger.fr\/wp-json\/wp\/v2\/pages\/40\/revisions\/72"}],"wp:attachment":[{"href":"https:\/\/blog.pahoa-burger.fr\/wp-json\/wp\/v2\/media?parent=40"}],"curies":[{"name":"wp","href":"https:\/\/api.w.org\/{rel}","templated":true}]}}